{"id":115,"date":"2021-10-05T18:26:36","date_gmt":"2021-10-05T16:26:36","guid":{"rendered":"https:\/\/unica.egloo.it\/?page_id=115"},"modified":"2022-04-19T14:45:27","modified_gmt":"2022-04-19T12:45:27","slug":"about","status":"publish","type":"page","link":"https:\/\/unica-collection.com\/it\/about\/","title":{"rendered":"About"},"content":{"rendered":"","protected":false},"excerpt":{"rendered":"","protected":false},"author":1,"featured_media":0,"parent":0,"menu_order":0,"comment_status":"closed","ping_status":"closed","template":"about.php","meta":{"inline_featured_image":false},"class_list":["post-115","page","type-page","status-publish","hentry"],"yoast_head":"<!-- This site is optimized with the Yoast SEO plugin v19.10 - https:\/\/yoast.com\/wordpress\/plugins\/seo\/ -->\n<title>About Unica Collection<\/title>\n<meta name=\"description\" content=\"UNICA non \u00e8 solo una selezione delle case vacanza pi\u00f9 caratteristiche e curate che si trovano in Italia, ma anche il modo migliore per vivere tutto ci\u00f2 che le riguarda\" \/>\n<meta name=\"robots\" content=\"index, follow, max-snippet:-1, max-image-preview:large, max-video-preview:-1\" \/>\n<link rel=\"canonical\" href=\"https:\/\/unica-collection.com\/it\/about\/\" \/>\n<meta property=\"og:locale\" content=\"it_IT\" \/>\n<meta property=\"og:type\" content=\"article\" \/>\n<meta property=\"og:title\" content=\"About Unica Collection\" \/>\n<meta property=\"og:description\" content=\"UNICA non \u00e8 solo una selezione delle case vacanza pi\u00f9 caratteristiche e curate che si trovano in Italia, ma anche il modo migliore per vivere tutto ci\u00f2 che le riguarda\" \/>\n<meta property=\"og:url\" content=\"https:\/\/unica-collection.com\/it\/about\/\" \/>\n<meta property=\"og:site_name\" content=\"Unica Collection\" \/>\n<meta property=\"article:modified_time\" content=\"2022-04-19T12:45:27+00:00\" \/>\n<meta name=\"twitter:card\" content=\"summary_large_image\" \/>\n<script type=\"application\/ld+json\" class=\"yoast-schema-graph\">{\"@context\":\"https:\/\/schema.org\",\"@graph\":[{\"@type\":\"WebPage\",\"@id\":\"https:\/\/unica-collection.com\/it\/about\/\",\"url\":\"https:\/\/unica-collection.com\/it\/about\/\",\"name\":\"About Unica Collection\",\"isPartOf\":{\"@id\":\"https:\/\/unica-collection.com\/#website\"},\"datePublished\":\"2021-10-05T16:26:36+00:00\",\"dateModified\":\"2022-04-19T12:45:27+00:00\",\"description\":\"UNICA non \u00e8 solo una selezione delle case vacanza pi\u00f9 caratteristiche e curate che si trovano in Italia, ma anche il modo migliore per vivere tutto ci\u00f2 che le riguarda\",\"breadcrumb\":{\"@id\":\"https:\/\/unica-collection.com\/it\/about\/#breadcrumb\"},\"inLanguage\":\"it-IT\",\"potentialAction\":[{\"@type\":\"ReadAction\",\"target\":[\"https:\/\/unica-collection.com\/it\/about\/\"]}]},{\"@type\":\"BreadcrumbList\",\"@id\":\"https:\/\/unica-collection.com\/it\/about\/#breadcrumb\",\"itemListElement\":[{\"@type\":\"ListItem\",\"position\":1,\"name\":\"Home\",\"item\":\"https:\/\/unica-collection.com\/it\/\"},{\"@type\":\"ListItem\",\"position\":2,\"name\":\"About\"}]},{\"@type\":\"WebSite\",\"@id\":\"https:\/\/unica-collection.com\/#website\",\"url\":\"https:\/\/unica-collection.com\/\",\"name\":\"Unica Collection\",\"description\":\"\",\"potentialAction\":[{\"@type\":\"SearchAction\",\"target\":{\"@type\":\"EntryPoint\",\"urlTemplate\":\"https:\/\/unica-collection.com\/?s={search_term_string}\"},\"query-input\":\"required name=search_term_string\"}],\"inLanguage\":\"it-IT\"}]}<\/script>\n<!-- \/ Yoast SEO plugin. -->","yoast_head_json":{"title":"About Unica Collection","description":"UNICA non \u00e8 solo una selezione delle case vacanza pi\u00f9 caratteristiche e curate che si trovano in Italia, ma anche il modo migliore per vivere tutto ci\u00f2 che le riguarda","robots":{"index":"index","follow":"follow","max-snippet":"max-snippet:-1","max-image-preview":"max-image-preview:large","max-video-preview":"max-video-preview:-1"},"canonical":"https:\/\/unica-collection.com\/it\/about\/","og_locale":"it_IT","og_type":"article","og_title":"About Unica Collection","og_description":"UNICA non \u00e8 solo una selezione delle case vacanza pi\u00f9 caratteristiche e curate che si trovano in Italia, ma anche il modo migliore per vivere tutto ci\u00f2 che le riguarda","og_url":"https:\/\/unica-collection.com\/it\/about\/","og_site_name":"Unica Collection","article_modified_time":"2022-04-19T12:45:27+00:00","twitter_card":"summary_large_image","schema":{"@context":"https:\/\/schema.org","@graph":[{"@type":"WebPage","@id":"https:\/\/unica-collection.com\/it\/about\/","url":"https:\/\/unica-collection.com\/it\/about\/","name":"About Unica Collection","isPartOf":{"@id":"https:\/\/unica-collection.com\/#website"},"datePublished":"2021-10-05T16:26:36+00:00","dateModified":"2022-04-19T12:45:27+00:00","description":"UNICA non \u00e8 solo una selezione delle case vacanza pi\u00f9 caratteristiche e curate che si trovano in Italia, ma anche il modo migliore per vivere tutto ci\u00f2 che le riguarda","breadcrumb":{"@id":"https:\/\/unica-collection.com\/it\/about\/#breadcrumb"},"inLanguage":"it-IT","potentialAction":[{"@type":"ReadAction","target":["https:\/\/unica-collection.com\/it\/about\/"]}]},{"@type":"BreadcrumbList","@id":"https:\/\/unica-collection.com\/it\/about\/#breadcrumb","itemListElement":[{"@type":"ListItem","position":1,"name":"Home","item":"https:\/\/unica-collection.com\/it\/"},{"@type":"ListItem","position":2,"name":"About"}]},{"@type":"WebSite","@id":"https:\/\/unica-collection.com\/#website","url":"https:\/\/unica-collection.com\/","name":"Unica Collection","description":"","potentialAction":[{"@type":"SearchAction","target":{"@type":"EntryPoint","urlTemplate":"https:\/\/unica-collection.com\/?s={search_term_string}"},"query-input":"required name=search_term_string"}],"inLanguage":"it-IT"}]}},"_links":{"self":[{"href":"https:\/\/unica-collection.com\/it\/wp-json\/wp\/v2\/pages\/115","targetHints":{"allow":["GET"]}}],"collection":[{"href":"https:\/\/unica-collection.com\/it\/wp-json\/wp\/v2\/pages"}],"about":[{"href":"https:\/\/unica-collection.com\/it\/wp-json\/wp\/v2\/types\/page"}],"author":[{"embeddable":true,"href":"https:\/\/unica-collection.com\/it\/wp-json\/wp\/v2\/users\/1"}],"replies":[{"embeddable":true,"href":"https:\/\/unica-collection.com\/it\/wp-json\/wp\/v2\/comments?post=115"}],"version-history":[{"count":1,"href":"https:\/\/unica-collection.com\/it\/wp-json\/wp\/v2\/pages\/115\/revisions"}],"predecessor-version":[{"id":83092,"href":"https:\/\/unica-collection.com\/it\/wp-json\/wp\/v2\/pages\/115\/revisions\/83092"}],"wp:attachment":[{"href":"https:\/\/unica-collection.com\/it\/wp-json\/wp\/v2\/media?parent=115"}],"curies":[{"name":"wp","href":"https:\/\/api.w.org\/{rel}","templated":true}]}}